{"id":3,"date":"2025-03-08T01:24:55","date_gmt":"2025-03-08T01:24:55","guid":{"rendered":"http:\/\/abeko.nl\/?page_id=3"},"modified":"2025-10-06T08:59:58","modified_gmt":"2025-10-06T08:59:58","slug":"privacybeleid","status":"publish","type":"page","link":"https:\/\/abeko.nl\/es\/privacybeleid\/","title":{"rendered":"Privacybeleid"},"content":{"rendered":"<div data-elementor-type=\"wp-page\" data-elementor-id=\"3\" class=\"elementor elementor-3\" data-elementor-post-type=\"page\">\n\t\t\t\t<div class=\"elementor-element elementor-element-a1a373a e-flex e-con-boxed e-con e-parent\" data-id=\"a1a373a\" data-element_type=\"container\" data-e-type=\"container\" data-settings=\"{&quot;background_background&quot;:&quot;classic&quot;}\">\n\t\t\t\t\t<div class=\"e-con-inner\">\n\t\t\t\t<div class=\"elementor-element elementor-element-2ed4915 elementor-widget elementor-widget-heading\" data-id=\"2ed4915\" data-element_type=\"widget\" data-e-type=\"widget\" data-widget_type=\"heading.default\">\n\t\t\t\t<div class=\"elementor-widget-container\">\n\t\t\t\t\t<h2 class=\"elementor-heading-title elementor-size-default\"><span class=\"typed-me\" data-string0=\"Laatst bijgewerkt: 17-03-2025\" data-type-speed=\"40\" data-start-delay=\"0\" data-back-speed=\"40\" data-back-delay=\"500\"><\/span><\/h2>\t\t\t\t<\/div>\n\t\t\t\t<\/div>\n\t\t\t\t<div class=\"elementor-element elementor-element-3c47a36 elementor-invisible elementor-widget elementor-widget-heading\" data-id=\"3c47a36\" data-element_type=\"widget\" data-e-type=\"widget\" data-settings=\"{&quot;_animation&quot;:&quot;fadeIn&quot;}\" data-widget_type=\"heading.default\">\n\t\t\t\t<div class=\"elementor-widget-container\">\n\t\t\t\t\t<h2 class=\"elementor-heading-title elementor-size-default\">DECLARACI\u00d3N DE PRIVACIDAD Y COOKIES ABEKO<span style=\"color:#FFBD14;font-size:50px\">.<\/span><\/h2>\t\t\t\t<\/div>\n\t\t\t\t<\/div>\n\t\t\t\t<div class=\"elementor-element elementor-element-36b8904 elementor-invisible elementor-widget elementor-widget-text-editor\" data-id=\"36b8904\" data-element_type=\"widget\" data-e-type=\"widget\" data-settings=\"{&quot;_animation&quot;:&quot;fadeIn&quot;,&quot;_animation_delay&quot;:200}\" data-widget_type=\"text-editor.default\">\n\t\t\t\t<div class=\"elementor-widget-container\">\n\t\t\t\t\t\t\t\t\t<p>Abeko se compromete a proteger sus datos personales. En esta declaraci\u00f3n puede leer c\u00f3mo tratamos sus datos y qu\u00e9 derechos tiene. Nuestro m\u00e9todo de trabajo cumple la <strong data-start=\"325\" data-end=\"375\">Reglamento General de Protecci\u00f3n de Datos (RGPD)<\/strong>.<\/p>\t\t\t\t\t\t\t\t<\/div>\n\t\t\t\t<\/div>\n\t\t<div class=\"elementor-element elementor-element-29f55e4 e-con-full e-flex e-con e-child\" data-id=\"29f55e4\" data-element_type=\"container\" data-e-type=\"container\" data-settings=\"{&quot;background_background&quot;:&quot;classic&quot;,&quot;position&quot;:&quot;absolute&quot;}\">\n\t\t\t\t<\/div>\n\t\t\t\t\t<\/div>\n\t\t\t\t<\/div>\n\t\t<div class=\"elementor-element elementor-element-c35cd00 e-flex e-con-boxed e-con e-parent\" data-id=\"c35cd00\" data-element_type=\"container\" data-e-type=\"container\">\n\t\t\t\t\t<div class=\"e-con-inner\">\n\t\t\t\t<div class=\"elementor-element elementor-element-87536a6 elementor-invisible elementor-widget elementor-widget-heading\" data-id=\"87536a6\" data-element_type=\"widget\" data-e-type=\"widget\" data-settings=\"{&quot;_animation&quot;:&quot;fadeIn&quot;}\" data-widget_type=\"heading.default\">\n\t\t\t\t<div class=\"elementor-widget-container\">\n\t\t\t\t\t<h2 class=\"elementor-heading-title elementor-size-default\">La presente declaraci\u00f3n de privacidad est\u00e1 estructurada de la siguiente manera:<\/h2>\t\t\t\t<\/div>\n\t\t\t\t<\/div>\n\t\t\t\t<div class=\"elementor-element elementor-element-027c7f8 elementor-invisible elementor-widget elementor-widget-text-editor\" data-id=\"027c7f8\" data-element_type=\"widget\" data-e-type=\"widget\" data-settings=\"{&quot;_animation&quot;:&quot;fadeIn&quot;}\" data-widget_type=\"text-editor.default\">\n\t\t\t\t<div class=\"elementor-widget-container\">\n\t\t\t\t\t\t\t\t\t<ol>\n<li data-start=\"412\" data-end=\"450\">Finalidad del tratamiento de datos<\/li>\n<li data-start=\"451\" data-end=\"477\">Actividades de marketing<\/li>\n<li data-start=\"478\" data-end=\"510\">Seguridad de sus datos<\/li>\n<li data-start=\"511\" data-end=\"526\">Sus derechos<\/li>\n<li data-start=\"527\" data-end=\"547\">Datos de contacto<\/li>\n<li data-start=\"548\" data-end=\"583\">Enmiendas a esta declaraci\u00f3n<\/li>\n<\/ol>\t\t\t\t\t\t\t\t<\/div>\n\t\t\t\t<\/div>\n\t\t\t\t<div class=\"elementor-element elementor-element-833cb72 elementor-invisible elementor-widget elementor-widget-heading\" data-id=\"833cb72\" data-element_type=\"widget\" data-e-type=\"widget\" data-settings=\"{&quot;_animation&quot;:&quot;fadeIn&quot;}\" data-widget_type=\"heading.default\">\n\t\t\t\t<div class=\"elementor-widget-container\">\n\t\t\t\t\t<h4 class=\"elementor-heading-title elementor-size-default\">1. Finalidad del tratamiento de datos<\/h4>\t\t\t\t<\/div>\n\t\t\t\t<\/div>\n\t\t\t\t<div class=\"elementor-element elementor-element-d88512c elementor-invisible elementor-widget elementor-widget-text-editor\" data-id=\"d88512c\" data-element_type=\"widget\" data-e-type=\"widget\" data-settings=\"{&quot;_animation&quot;:&quot;fadeIn&quot;}\" data-widget_type=\"text-editor.default\">\n\t\t\t\t<div class=\"elementor-widget-container\">\n\t\t\t\t\t\t\t\t\t<p>Procesamos datos personales para prestar nuestros servicios y ejecutar acuerdos. Tambi\u00e9n utilizamos los datos para mejorar nuestros servicios y gestionar las relaciones con los clientes.<\/p>\t\t\t\t\t\t\t\t<\/div>\n\t\t\t\t<\/div>\n\t\t\t\t<div class=\"elementor-element elementor-element-b657032 elementor-invisible elementor-widget elementor-widget-heading\" data-id=\"b657032\" data-element_type=\"widget\" data-e-type=\"widget\" data-settings=\"{&quot;_animation&quot;:&quot;fadeIn&quot;}\" data-widget_type=\"heading.default\">\n\t\t\t\t<div class=\"elementor-widget-container\">\n\t\t\t\t\t<h4 class=\"elementor-heading-title elementor-size-default\">2. Actividades de marketing<\/h4>\t\t\t\t<\/div>\n\t\t\t\t<\/div>\n\t\t\t\t<div class=\"elementor-element elementor-element-85572e5 elementor-invisible elementor-widget elementor-widget-text-editor\" data-id=\"85572e5\" data-element_type=\"widget\" data-e-type=\"widget\" data-settings=\"{&quot;_animation&quot;:&quot;fadeIn&quot;}\" data-widget_type=\"text-editor.default\">\n\t\t\t\t<div class=\"elementor-widget-container\">\n\t\t\t\t\t\t\t\t\t<p>Conservamos los datos generales de los visitantes de nuestro sitio web y utilizamos los datos personales para boletines y ofertas. Siempre que es posible, los datos se anonimizan. Tambi\u00e9n podemos informar a clientes existentes sobre nuevos servicios o productos.<\/p>\t\t\t\t\t\t\t\t<\/div>\n\t\t\t\t<\/div>\n\t\t\t\t<div class=\"elementor-element elementor-element-885e07d elementor-invisible elementor-widget elementor-widget-heading\" data-id=\"885e07d\" data-element_type=\"widget\" data-e-type=\"widget\" data-settings=\"{&quot;_animation&quot;:&quot;fadeIn&quot;}\" data-widget_type=\"heading.default\">\n\t\t\t\t<div class=\"elementor-widget-container\">\n\t\t\t\t\t<h4 class=\"elementor-heading-title elementor-size-default\">3. Seguridad de sus datos<\/h4>\t\t\t\t<\/div>\n\t\t\t\t<\/div>\n\t\t\t\t<div class=\"elementor-element elementor-element-02ae982 elementor-invisible elementor-widget elementor-widget-text-editor\" data-id=\"02ae982\" data-element_type=\"widget\" data-e-type=\"widget\" data-settings=\"{&quot;_animation&quot;:&quot;fadeIn&quot;}\" data-widget_type=\"text-editor.default\">\n\t\t\t\t<div class=\"elementor-widget-container\">\n\t\t\t\t\t\t\t\t\t<p data-start=\"1149\" data-end=\"1376\">Tomamos medidas t\u00e9cnicas y organizativas para proteger sus datos de p\u00e9rdidas, usos indebidos o accesos no autorizados. \u00bfSigue sospechando de un uso indebido? Si es as\u00ed, p\u00f3ngase en contacto con nosotros utilizando los datos que figuran a continuaci\u00f3n.<\/p>\t\t\t\t\t\t\t\t<\/div>\n\t\t\t\t<\/div>\n\t\t\t\t<div class=\"elementor-element elementor-element-a5daf70 elementor-invisible elementor-widget elementor-widget-heading\" data-id=\"a5daf70\" data-element_type=\"widget\" data-e-type=\"widget\" data-settings=\"{&quot;_animation&quot;:&quot;fadeIn&quot;}\" data-widget_type=\"heading.default\">\n\t\t\t\t<div class=\"elementor-widget-container\">\n\t\t\t\t\t<h4 class=\"elementor-heading-title elementor-size-default\">4. Sus derechos<\/h4>\t\t\t\t<\/div>\n\t\t\t\t<\/div>\n\t\t\t\t<div class=\"elementor-element elementor-element-b0d83e7 elementor-invisible elementor-widget elementor-widget-text-editor\" data-id=\"b0d83e7\" data-element_type=\"widget\" data-e-type=\"widget\" data-settings=\"{&quot;_animation&quot;:&quot;fadeIn&quot;}\" data-widget_type=\"text-editor.default\">\n\t\t\t\t<div class=\"elementor-widget-container\">\n\t\t\t\t\t\t\t\t\t<p data-start=\"1149\" data-end=\"1376\">Tiene derecho a acceder a sus datos personales, rectificarlos o suprimirlos. Tambi\u00e9n puede indicar que no desea recibir informaci\u00f3n sobre nuestros productos y servicios. Puede hacerlo envi\u00e1ndonos un mensaje utilizando los datos de contacto que figuran a continuaci\u00f3n.<\/p>\t\t\t\t\t\t\t\t<\/div>\n\t\t\t\t<\/div>\n\t\t\t\t<div class=\"elementor-element elementor-element-f14e8d9 elementor-invisible elementor-widget elementor-widget-heading\" data-id=\"f14e8d9\" data-element_type=\"widget\" data-e-type=\"widget\" data-settings=\"{&quot;_animation&quot;:&quot;fadeIn&quot;}\" data-widget_type=\"heading.default\">\n\t\t\t\t<div class=\"elementor-widget-container\">\n\t\t\t\t\t<h4 class=\"elementor-heading-title elementor-size-default\">5. 5. Datos de contacto<\/h4>\t\t\t\t<\/div>\n\t\t\t\t<\/div>\n\t\t\t\t<div class=\"elementor-element elementor-element-0e0392a elementor-invisible elementor-widget elementor-widget-text-editor\" data-id=\"0e0392a\" data-element_type=\"widget\" data-e-type=\"widget\" data-settings=\"{&quot;_animation&quot;:&quot;fadeIn&quot;}\" data-widget_type=\"text-editor.default\">\n\t\t\t\t<div class=\"elementor-widget-container\">\n\t\t\t\t\t\t\t\t\t<p data-start=\"1149\" data-end=\"1376\">Para preguntas o solicitudes sobre sus datos, p\u00f3ngase en contacto con<\/p>\t\t\t\t\t\t\t\t<\/div>\n\t\t\t\t<\/div>\n\t\t\t\t<div class=\"elementor-element elementor-element-ffb0af3 elementor-icon-list--layout-traditional elementor-list-item-link-full_width elementor-invisible elementor-widget elementor-widget-icon-list\" data-id=\"ffb0af3\" data-element_type=\"widget\" data-e-type=\"widget\" data-settings=\"{&quot;_animation&quot;:&quot;fadeIn&quot;}\" data-widget_type=\"icon-list.default\">\n\t\t\t\t<div class=\"elementor-widget-container\">\n\t\t\t\t\t\t\t<ul class=\"elementor-icon-list-items\">\n\t\t\t\t\t\t\t<li class=\"elementor-icon-list-item\">\n\t\t\t\t\t\t\t\t\t\t\t<span class=\"elementor-icon-list-icon\">\n\t\t\t\t\t\t\t<svg aria-hidden=\"true\" class=\"e-font-icon-svg e-far-building\" viewbox=\"0 0 448 512\" xmlns=\"http:\/\/www.w3.org\/2000\/svg\"><path d=\"M128 148v-40c0-6.6 5.4-12 12-12h40c6.6 0 12 5.4 12 12v40c0 6.6-5.4 12-12 12h-40c-6.6 0-12-5.4-12-12zm140 12h40c6.6 0 12-5.4 12-12v-40c0-6.6-5.4-12-12-12h-40c-6.6 0-12 5.4-12 12v40c0 6.6 5.4 12 12 12zm-128 96h40c6.6 0 12-5.4 12-12v-40c0-6.6-5.4-12-12-12h-40c-6.6 0-12 5.4-12 12v40c0 6.6 5.4 12 12 12zm128 0h40c6.6 0 12-5.4 12-12v-40c0-6.6-5.4-12-12-12h-40c-6.6 0-12 5.4-12 12v40c0 6.6 5.4 12 12 12zm-76 84v-40c0-6.6-5.4-12-12-12h-40c-6.6 0-12 5.4-12 12v40c0 6.6 5.4 12 12 12h40c6.6 0 12-5.4 12-12zm76 12h40c6.6 0 12-5.4 12-12v-40c0-6.6-5.4-12-12-12h-40c-6.6 0-12 5.4-12 12v40c0 6.6 5.4 12 12 12zm180 124v36H0v-36c0-6.6 5.4-12 12-12h19.5V24c0-13.3 10.7-24 24-24h337c13.3 0 24 10.7 24 24v440H436c6.6 0 12 5.4 12 12zM79.5 463H192v-67c0-6.6 5.4-12 12-12h40c6.6 0 12 5.4 12 12v67h112.5V49L80 48l-.5 415z\"><\/path><\/svg>\t\t\t\t\t\t<\/span>\n\t\t\t\t\t\t\t\t\t\t<span class=\"elementor-icon-list-text\">ABEKO B.V.<\/span>\n\t\t\t\t\t\t\t\t\t<\/li>\n\t\t\t\t\t\t\t\t<li class=\"elementor-icon-list-item\">\n\t\t\t\t\t\t\t\t\t\t\t<span class=\"elementor-icon-list-icon\">\n\t\t\t\t\t\t\t<svg aria-hidden=\"true\" class=\"e-font-icon-svg e-fas-map-pin\" viewbox=\"0 0 288 512\" xmlns=\"http:\/\/www.w3.org\/2000\/svg\"><path d=\"M112 316.94v156.69l22.02 33.02c4.75 7.12 15.22 7.12 19.97 0L176 473.63V316.94c-10.39 1.92-21.06 3.06-32 3.06s-21.61-1.14-32-3.06zM144 0C64.47 0 0 64.47 0 144s64.47 144 144 144 144-64.47 144-144S223.53 0 144 0zm0 76c-37.5 0-68 30.5-68 68 0 6.62-5.38 12-12 12s-12-5.38-12-12c0-50.73 41.28-92 92-92 6.62 0 12 5.38 12 12s-5.38 12-12 12z\"><\/path><\/svg>\t\t\t\t\t\t<\/span>\n\t\t\t\t\t\t\t\t\t\t<span class=\"elementor-icon-list-text\">Kanaalweg 2A<\/span>\n\t\t\t\t\t\t\t\t\t<\/li>\n\t\t\t\t\t\t\t\t<li class=\"elementor-icon-list-item\">\n\t\t\t\t\t\t\t\t\t\t\t<span class=\"elementor-icon-list-icon\">\n\t\t\t\t\t\t\t<svg aria-hidden=\"true\" class=\"e-font-icon-svg e-fas-location-arrow\" viewbox=\"0 0 512 512\" xmlns=\"http:\/\/www.w3.org\/2000\/svg\"><path d=\"M444.52 3.52L28.74 195.42c-47.97 22.39-31.98 92.75 19.19 92.75h175.91v175.91c0 51.17 70.36 67.17 92.75 19.19l191.9-415.78c15.99-38.39-25.59-79.97-63.97-63.97z\"><\/path><\/svg>\t\t\t\t\t\t<\/span>\n\t\t\t\t\t\t\t\t\t\t<span class=\"elementor-icon-list-text\">1948 PN Beverwijk<\/span>\n\t\t\t\t\t\t\t\t\t<\/li>\n\t\t\t\t\t\t\t\t<li class=\"elementor-icon-list-item\">\n\t\t\t\t\t\t\t\t\t\t\t<span class=\"elementor-icon-list-icon\">\n\t\t\t\t\t\t\t<svg aria-hidden=\"true\" class=\"e-font-icon-svg e-fas-envelope\" viewbox=\"0 0 512 512\" xmlns=\"http:\/\/www.w3.org\/2000\/svg\"><path d=\"M502.3 190.8c3.9-3.1 9.7-.2 9.7 4.7V400c0 26.5-21.5 48-48 48H48c-26.5 0-48-21.5-48-48V195.6c0-5 5.7-7.8 9.7-4.7 22.4 17.4 52.1 39.5 154.1 113.6 21.1 15.4 56.7 47.8 92.2 47.6 35.7.3 72-32.8 92.3-47.6 102-74.1 131.6-96.3 154-113.7zM256 320c23.2.4 56.6-29.2 73.4-41.4 132.7-96.3 142.8-104.7 173.4-128.7 5.8-4.5 9.2-11.5 9.2-18.9v-19c0-26.5-21.5-48-48-48H48C21.5 64 0 85.5 0 112v19c0 7.4 3.4 14.3 9.2 18.9 30.6 23.9 40.7 32.4 173.4 128.7 16.8 12.2 50.2 41.8 73.4 41.4z\"><\/path><\/svg>\t\t\t\t\t\t<\/span>\n\t\t\t\t\t\t\t\t\t\t<span class=\"elementor-icon-list-text\"> info@abeko.nl<\/span>\n\t\t\t\t\t\t\t\t\t<\/li>\n\t\t\t\t\t\t\t\t<li class=\"elementor-icon-list-item\">\n\t\t\t\t\t\t\t\t\t\t\t<span class=\"elementor-icon-list-icon\">\n\t\t\t\t\t\t\t<svg aria-hidden=\"true\" class=\"e-font-icon-svg e-fas-phone-alt\" viewbox=\"0 0 512 512\" xmlns=\"http:\/\/www.w3.org\/2000\/svg\"><path d=\"M497.39 361.8l-112-48a24 24 0 0 0-28 6.9l-49.6 60.6A370.66 370.66 0 0 1 130.6 204.11l60.6-49.6a23.94 23.94 0 0 0 6.9-28l-48-112A24.16 24.16 0 0 0 122.6.61l-104 24A24 24 0 0 0 0 48c0 256.5 207.9 464 464 464a24 24 0 0 0 23.4-18.6l24-104a24.29 24.29 0 0 0-14.01-27.6z\"><\/path><\/svg>\t\t\t\t\t\t<\/span>\n\t\t\t\t\t\t\t\t\t\t<span class=\"elementor-icon-list-text\">+31(0)251 276 070<\/span>\n\t\t\t\t\t\t\t\t\t<\/li>\n\t\t\t\t\t\t<\/ul>\n\t\t\t\t\t\t<\/div>\n\t\t\t\t<\/div>\n\t\t\t\t<div class=\"elementor-element elementor-element-e4513a9 elementor-invisible elementor-widget elementor-widget-heading\" data-id=\"e4513a9\" data-element_type=\"widget\" data-e-type=\"widget\" data-settings=\"{&quot;_animation&quot;:&quot;fadeIn&quot;}\" data-widget_type=\"heading.default\">\n\t\t\t\t<div class=\"elementor-widget-container\">\n\t\t\t\t\t<h4 class=\"elementor-heading-title elementor-size-default\">6. Modificaciones de esta declaraci\u00f3n<\/h4>\t\t\t\t<\/div>\n\t\t\t\t<\/div>\n\t\t\t\t<div class=\"elementor-element elementor-element-d971c57 elementor-invisible elementor-widget elementor-widget-text-editor\" data-id=\"d971c57\" data-element_type=\"widget\" data-e-type=\"widget\" data-settings=\"{&quot;_animation&quot;:&quot;fadeIn&quot;}\" data-widget_type=\"text-editor.default\">\n\t\t\t\t<div class=\"elementor-widget-container\">\n\t\t\t\t\t\t\t\t\t<p data-start=\"1149\" data-end=\"1376\">Nos reservamos el derecho a modificar este aviso de privacidad. Cualquier cambio se publicar\u00e1 en nuestro sitio web: <a href=\"https:\/\/abeko.nl\/es\/\" target=\"_new\" rel=\"noopener\" data-start=\"2008\" data-end=\"2044\">www.abeko.nl<\/a>.<\/p>\t\t\t\t\t\t\t\t<\/div>\n\t\t\t\t<\/div>\n\t\t\t\t\t<\/div>\n\t\t\t\t<\/div>\n\t\t\t\t<\/div>","protected":false},"excerpt":{"rendered":"<p>PRIVACY- EN COOKIEVERKLARING ABEKO. Abeko hecht veel waarde aan de bescherming van uw persoonsgegevens. In deze verklaring leest u hoe wij omgaan met uw gegevens en welke rechten u heeft. Onze werkwijze voldoet aan de Algemene Verordening Gegevensbescherming (AVG). Dit privacy statement is als volgt opgebouwd: Doeleinden van gegevensverwerking Marketingactiviteiten Beveiliging van uw gegevens Uw [&hellip;]<\/p>\n","protected":false},"author":1,"featured_media":1656,"parent":0,"menu_order":0,"comment_status":"closed","ping_status":"open","template":"","meta":{"footnotes":""},"class_list":["post-3","page","type-page","status-publish","has-post-thumbnail","hentry"],"yoast_head":"<!-- This site is optimized with the Yoast SEO plugin v27.3 - https:\/\/yoast.com\/product\/yoast-seo-wordpress\/ -->\n<title>Privacybeleid - Abeko<\/title>\n<meta name=\"description\" content=\"Lees hoe Abeko zorgvuldig omgaat met persoonsgegevens volgens de AVG. Transparant over privacy, cookies en gegevensbescherming.\" \/>\n<meta name=\"robots\" content=\"index, follow, max-snippet:-1, max-image-preview:large, max-video-preview:-1\" \/>\n<link rel=\"canonical\" href=\"https:\/\/abeko.nl\/es\/privacybeleid\/\" \/>\n<meta property=\"og:locale\" content=\"es_ES\" \/>\n<meta property=\"og:type\" content=\"article\" \/>\n<meta property=\"og:title\" content=\"Privacybeleid - Abeko\" \/>\n<meta property=\"og:description\" content=\"Lees hoe Abeko zorgvuldig omgaat met persoonsgegevens volgens de AVG. Transparant over privacy, cookies en gegevensbescherming.\" \/>\n<meta property=\"og:url\" content=\"https:\/\/abeko.nl\/es\/privacybeleid\/\" \/>\n<meta property=\"og:site_name\" content=\"Abeko\" \/>\n<meta property=\"article:modified_time\" content=\"2025-10-06T08:59:58+00:00\" \/>\n<meta property=\"og:image\" content=\"https:\/\/abeko.nl\/wp-content\/uploads\/2025\/03\/IMG-20231125-WA0021.jpg\" \/>\n\t<meta property=\"og:image:width\" content=\"1600\" \/>\n\t<meta property=\"og:image:height\" content=\"900\" \/>\n\t<meta property=\"og:image:type\" content=\"image\/jpeg\" \/>\n<meta name=\"twitter:card\" content=\"summary_large_image\" \/>\n<meta name=\"twitter:label1\" content=\"Tiempo de lectura\" \/>\n\t<meta name=\"twitter:data1\" content=\"2 minutos\" \/>\n<script type=\"application\/ld+json\" class=\"yoast-schema-graph\">{\"@context\":\"https:\\\/\\\/schema.org\",\"@graph\":[{\"@type\":\"WebPage\",\"@id\":\"https:\\\/\\\/abeko.nl\\\/privacybeleid\\\/\",\"url\":\"https:\\\/\\\/abeko.nl\\\/privacybeleid\\\/\",\"name\":\"Privacybeleid - Abeko\",\"isPartOf\":{\"@id\":\"https:\\\/\\\/abeko.nl\\\/#website\"},\"primaryImageOfPage\":{\"@id\":\"https:\\\/\\\/abeko.nl\\\/privacybeleid\\\/#primaryimage\"},\"image\":{\"@id\":\"https:\\\/\\\/abeko.nl\\\/privacybeleid\\\/#primaryimage\"},\"thumbnailUrl\":\"https:\\\/\\\/abeko.nl\\\/wp-content\\\/uploads\\\/2025\\\/03\\\/IMG-20231125-WA0021.jpg\",\"datePublished\":\"2025-03-08T01:24:55+00:00\",\"dateModified\":\"2025-10-06T08:59:58+00:00\",\"description\":\"Lees hoe Abeko zorgvuldig omgaat met persoonsgegevens volgens de AVG. Transparant over privacy, cookies en gegevensbescherming.\",\"breadcrumb\":{\"@id\":\"https:\\\/\\\/abeko.nl\\\/privacybeleid\\\/#breadcrumb\"},\"inLanguage\":\"es\",\"potentialAction\":[{\"@type\":\"ReadAction\",\"target\":[\"https:\\\/\\\/abeko.nl\\\/privacybeleid\\\/\"]}]},{\"@type\":\"ImageObject\",\"inLanguage\":\"es\",\"@id\":\"https:\\\/\\\/abeko.nl\\\/privacybeleid\\\/#primaryimage\",\"url\":\"https:\\\/\\\/abeko.nl\\\/wp-content\\\/uploads\\\/2025\\\/03\\\/IMG-20231125-WA0021.jpg\",\"contentUrl\":\"https:\\\/\\\/abeko.nl\\\/wp-content\\\/uploads\\\/2025\\\/03\\\/IMG-20231125-WA0021.jpg\",\"width\":1600,\"height\":900},{\"@type\":\"BreadcrumbList\",\"@id\":\"https:\\\/\\\/abeko.nl\\\/privacybeleid\\\/#breadcrumb\",\"itemListElement\":[{\"@type\":\"ListItem\",\"position\":1,\"name\":\"Home\",\"item\":\"https:\\\/\\\/abeko.nl\\\/\"},{\"@type\":\"ListItem\",\"position\":2,\"name\":\"Privacybeleid\"}]},{\"@type\":\"WebSite\",\"@id\":\"https:\\\/\\\/abeko.nl\\\/#website\",\"url\":\"https:\\\/\\\/abeko.nl\\\/\",\"name\":\"Abeko\",\"description\":\"\",\"publisher\":{\"@id\":\"https:\\\/\\\/abeko.nl\\\/#organization\"},\"potentialAction\":[{\"@type\":\"SearchAction\",\"target\":{\"@type\":\"EntryPoint\",\"urlTemplate\":\"https:\\\/\\\/abeko.nl\\\/?s={search_term_string}\"},\"query-input\":{\"@type\":\"PropertyValueSpecification\",\"valueRequired\":true,\"valueName\":\"search_term_string\"}}],\"inLanguage\":\"es\"},{\"@type\":\"Organization\",\"@id\":\"https:\\\/\\\/abeko.nl\\\/#organization\",\"name\":\"Abeko\",\"url\":\"https:\\\/\\\/abeko.nl\\\/\",\"logo\":{\"@type\":\"ImageObject\",\"inLanguage\":\"es\",\"@id\":\"https:\\\/\\\/abeko.nl\\\/#\\\/schema\\\/logo\\\/image\\\/\",\"url\":\"https:\\\/\\\/abeko.nl\\\/wp-content\\\/uploads\\\/2025\\\/03\\\/AbekoLogoPlusBlokje.webp\",\"contentUrl\":\"https:\\\/\\\/abeko.nl\\\/wp-content\\\/uploads\\\/2025\\\/03\\\/AbekoLogoPlusBlokje.webp\",\"width\":1052,\"height\":195,\"caption\":\"Abeko\"},\"image\":{\"@id\":\"https:\\\/\\\/abeko.nl\\\/#\\\/schema\\\/logo\\\/image\\\/\"}}]}<\/script>\n<!-- \/ Yoast SEO plugin. -->","yoast_head_json":{"title":"Privacybeleid - Abeko","description":"Lees hoe Abeko zorgvuldig omgaat met persoonsgegevens volgens de AVG. Transparant over privacy, cookies en gegevensbescherming.","robots":{"index":"index","follow":"follow","max-snippet":"max-snippet:-1","max-image-preview":"max-image-preview:large","max-video-preview":"max-video-preview:-1"},"canonical":"https:\/\/abeko.nl\/es\/privacybeleid\/","og_locale":"es_ES","og_type":"article","og_title":"Privacybeleid - Abeko","og_description":"Lees hoe Abeko zorgvuldig omgaat met persoonsgegevens volgens de AVG. Transparant over privacy, cookies en gegevensbescherming.","og_url":"https:\/\/abeko.nl\/es\/privacybeleid\/","og_site_name":"Abeko","article_modified_time":"2025-10-06T08:59:58+00:00","og_image":[{"width":1600,"height":900,"url":"https:\/\/abeko.nl\/wp-content\/uploads\/2025\/03\/IMG-20231125-WA0021.jpg","type":"image\/jpeg"}],"twitter_card":"summary_large_image","twitter_misc":{"Tiempo de lectura":"2 minutos"},"schema":{"@context":"https:\/\/schema.org","@graph":[{"@type":"WebPage","@id":"https:\/\/abeko.nl\/privacybeleid\/","url":"https:\/\/abeko.nl\/privacybeleid\/","name":"Privacybeleid - Abeko","isPartOf":{"@id":"https:\/\/abeko.nl\/#website"},"primaryImageOfPage":{"@id":"https:\/\/abeko.nl\/privacybeleid\/#primaryimage"},"image":{"@id":"https:\/\/abeko.nl\/privacybeleid\/#primaryimage"},"thumbnailUrl":"https:\/\/abeko.nl\/wp-content\/uploads\/2025\/03\/IMG-20231125-WA0021.jpg","datePublished":"2025-03-08T01:24:55+00:00","dateModified":"2025-10-06T08:59:58+00:00","description":"Lees hoe Abeko zorgvuldig omgaat met persoonsgegevens volgens de AVG. Transparant over privacy, cookies en gegevensbescherming.","breadcrumb":{"@id":"https:\/\/abeko.nl\/privacybeleid\/#breadcrumb"},"inLanguage":"es","potentialAction":[{"@type":"ReadAction","target":["https:\/\/abeko.nl\/privacybeleid\/"]}]},{"@type":"ImageObject","inLanguage":"es","@id":"https:\/\/abeko.nl\/privacybeleid\/#primaryimage","url":"https:\/\/abeko.nl\/wp-content\/uploads\/2025\/03\/IMG-20231125-WA0021.jpg","contentUrl":"https:\/\/abeko.nl\/wp-content\/uploads\/2025\/03\/IMG-20231125-WA0021.jpg","width":1600,"height":900},{"@type":"BreadcrumbList","@id":"https:\/\/abeko.nl\/privacybeleid\/#breadcrumb","itemListElement":[{"@type":"ListItem","position":1,"name":"Home","item":"https:\/\/abeko.nl\/"},{"@type":"ListItem","position":2,"name":"Privacybeleid"}]},{"@type":"WebSite","@id":"https:\/\/abeko.nl\/#website","url":"https:\/\/abeko.nl\/","name":"Abeko","description":"","publisher":{"@id":"https:\/\/abeko.nl\/#organization"},"potentialAction":[{"@type":"SearchAction","target":{"@type":"EntryPoint","urlTemplate":"https:\/\/abeko.nl\/?s={search_term_string}"},"query-input":{"@type":"PropertyValueSpecification","valueRequired":true,"valueName":"search_term_string"}}],"inLanguage":"es"},{"@type":"Organization","@id":"https:\/\/abeko.nl\/#organization","name":"Abeko","url":"https:\/\/abeko.nl\/","logo":{"@type":"ImageObject","inLanguage":"es","@id":"https:\/\/abeko.nl\/#\/schema\/logo\/image\/","url":"https:\/\/abeko.nl\/wp-content\/uploads\/2025\/03\/AbekoLogoPlusBlokje.webp","contentUrl":"https:\/\/abeko.nl\/wp-content\/uploads\/2025\/03\/AbekoLogoPlusBlokje.webp","width":1052,"height":195,"caption":"Abeko"},"image":{"@id":"https:\/\/abeko.nl\/#\/schema\/logo\/image\/"}}]}},"_links":{"self":[{"href":"https:\/\/abeko.nl\/es\/wp-json\/wp\/v2\/pages\/3","targetHints":{"allow":["GET"]}}],"collection":[{"href":"https:\/\/abeko.nl\/es\/wp-json\/wp\/v2\/pages"}],"about":[{"href":"https:\/\/abeko.nl\/es\/wp-json\/wp\/v2\/types\/page"}],"author":[{"embeddable":true,"href":"https:\/\/abeko.nl\/es\/wp-json\/wp\/v2\/users\/1"}],"replies":[{"embeddable":true,"href":"https:\/\/abeko.nl\/es\/wp-json\/wp\/v2\/comments?post=3"}],"version-history":[{"count":51,"href":"https:\/\/abeko.nl\/es\/wp-json\/wp\/v2\/pages\/3\/revisions"}],"predecessor-version":[{"id":2373,"href":"https:\/\/abeko.nl\/es\/wp-json\/wp\/v2\/pages\/3\/revisions\/2373"}],"wp:featuredmedia":[{"embeddable":true,"href":"https:\/\/abeko.nl\/es\/wp-json\/wp\/v2\/media\/1656"}],"wp:attachment":[{"href":"https:\/\/abeko.nl\/es\/wp-json\/wp\/v2\/media?parent=3"}],"curies":[{"name":"wp","href":"https:\/\/api.w.org\/{rel}","templated":true}]}}